{"id":1684,"date":"2025-10-05T06:40:31","date_gmt":"2025-10-05T06:40:31","guid":{"rendered":"https:\/\/carlosa278.sg-host.com\/?page_id=1684"},"modified":"2025-11-26T16:36:44","modified_gmt":"2025-11-26T16:36:44","slug":"contacto","status":"publish","type":"page","link":"https:\/\/citearequipa.org\/en\/contacto\/","title":{"rendered":"Contact"},"content":{"rendered":"<div class=\"wpb-content-wrapper\"><div id=\"contacto-formulario-container\" class=\"vc_row wpb_row row top-row vc_custom_1760033097833 vc_row-has-fill wpb_custom_034b39d9bc6c6b310d69e39f0ccf274f\"><div class=\"fomrulario-img-container vc_column_container col-md-6\"><div class=\"wpb_wrapper vc_column-inner\">\r\n\t<div class=\"wpb_single_image wpb_content_element vc_align_left wpb_content_element   fomrulario-img wpb_custom_81a4f7ef9830bf958462581aa01150fb\"><div class=\"wpb_wrapper\">\r\n\t\t\t\r\n\t\t\t<div class=\"vc_single_image-wrapper   vc_box_border_grey\"><img loading=\"lazy\" decoding=\"async\" width=\"768\" height=\"800\" src=\"https:\/\/citearequipa.org\/wp-content\/uploads\/2025\/11\/IMG_0290-1.jpg\" class=\"vc_single_image-img attachment-full\" alt=\"Cite Nosotros\" title=\"Cite Nosotros\" srcset=\"https:\/\/citearequipa.org\/wp-content\/uploads\/2025\/11\/IMG_0290-1.jpg 768w, https:\/\/citearequipa.org\/wp-content\/uploads\/2025\/11\/IMG_0290-1-640x667.jpg 640w, https:\/\/citearequipa.org\/wp-content\/uploads\/2025\/11\/IMG_0290-1-400x417.jpg 400w, https:\/\/citearequipa.org\/wp-content\/uploads\/2025\/11\/IMG_0290-1-367x382.jpg 367w\" sizes=\"auto, (max-width: 768px) 100vw, 768px\" \/><\/div>\r\n\t\t<\/div>\r\n\t<\/div>\r\n<\/div><\/div><div class=\"formulario-form-container vc_column_container col-md-6\"><div class=\"wpb_wrapper vc_column-inner\">\r\n\t<div class=\"wpb_text_column wpb_content_element formulario-titulo wpb_custom_2de644a22d04d1d4f91ec0bed521ccc6\" >\r\n\t\t<div class=\"wpb_wrapper\">\r\n\t\t\t<h2>Contact us<\/h2>\n\r\n\t\t<\/div>\r\n\t<\/div>\r\n\n<div class=\"wpcf7 no-js\" id=\"wpcf7-f1960-o1\" lang=\"en-US\" dir=\"ltr\" data-wpcf7-id=\"1960\">\n<div class=\"screen-reader-response\"><p role=\"status\" aria-live=\"polite\" aria-atomic=\"true\"><\/p> <ul><\/ul><\/div>\n<form action=\"\/en\/wp-json\/wp\/v2\/pages\/1684#wpcf7-f1960-o1\" method=\"post\" class=\"wpcf7-form init\" aria-label=\"Contact form\" novalidate=\"novalidate\" data-status=\"init\" data-trp-original-action=\"\/en\/wp-json\/wp\/v2\/pages\/1684#wpcf7-f1960-o1\">\n<fieldset class=\"hidden-fields-container\"><input type=\"hidden\" name=\"_wpcf7\" value=\"1960\" \/><input type=\"hidden\" name=\"_wpcf7_version\" value=\"6.1.5\" \/><input type=\"hidden\" name=\"_wpcf7_locale\" value=\"en_US\" \/><input type=\"hidden\" name=\"_wpcf7_unit_tag\" value=\"wpcf7-f1960-o1\" \/><input type=\"hidden\" name=\"_wpcf7_container_post\" value=\"0\" \/><input type=\"hidden\" name=\"_wpcf7_posted_data_hash\" value=\"\" \/><input type=\"hidden\" name=\"_wpcf7_recaptcha_response\" value=\"\" \/>\n<\/fieldset>\n<div class=\"fullname-row\">\n    <div class=\"form-group mb-3\">\n\t    <span class=\"wpcf7-form-control-wrap\" data-name=\"your-name\"><input size=\"40\" maxlength=\"400\" class=\"wpcf7-form-control wpcf7-text wpcf7-validates-as-required form-control\" aria-required=\"true\" aria-invalid=\"false\" placeholder=\"First Name:\" value=\"\" type=\"text\" name=\"your-name\" \/><\/span>\n    <\/div>\n\n    <div class=\"form-group mb-3\">\n\t    <span class=\"wpcf7-form-control-wrap\" data-name=\"your-lastname\"><input size=\"40\" maxlength=\"400\" class=\"wpcf7-form-control wpcf7-text wpcf7-validates-as-required form-control\" aria-required=\"true\" aria-invalid=\"false\" placeholder=\"Last Name:\" value=\"\" type=\"text\" name=\"your-lastname\" \/><\/span>\n    <\/div>\n<\/div>\n\n<div class=\"form-group mb-3\">\n\t<span class=\"wpcf7-form-control-wrap\" data-name=\"your-email\"><input size=\"40\" maxlength=\"400\" class=\"wpcf7-form-control wpcf7-email wpcf7-validates-as-required wpcf7-text wpcf7-validates-as-email form-control\" aria-required=\"true\" aria-invalid=\"false\" placeholder=\"Email:\" value=\"\" type=\"email\" name=\"your-email\" \/><\/span>\n<\/div>\n\n<div class=\"contact-info-row\">\n    <div class=\"form-group mb-3\">\n\t    <span class=\"wpcf7-form-control-wrap\" data-name=\"Phone\"><input size=\"40\" maxlength=\"400\" class=\"wpcf7-form-control wpcf7-tel wpcf7-validates-as-required wpcf7-text wpcf7-validates-as-tel form-control\" aria-required=\"true\" aria-invalid=\"false\" placeholder=\"Phone Number:\" value=\"\" type=\"tel\" name=\"Phone\" \/><\/span>\n    <\/div>\n\n    <div class=\"form-group mb-3\">\n            <span class=\"wpcf7-form-control-wrap\" data-name=\"you-line\"><select class=\"wpcf7-form-control wpcf7-select wpcf7-validates-as-required\" aria-required=\"true\" aria-invalid=\"false\" name=\"you-line\"><option value=\"\">Craft Line<\/option><option value=\"L\u00ednea Textil\">Textile Crafts<\/option><option value=\"L\u00ednea Joyer\u00eda\">Jewelry Crafts<\/option><option value=\"Otras Artesan\u00edas\">Other Handicrafts<\/option><\/select><\/span>\n    <\/div>\n<\/div>\n\n<div class=\"form-group mb-4\">\n\t<span class=\"wpcf7-form-control-wrap\" data-name=\"your-message\"><textarea cols=\"40\" rows=\"7\" maxlength=\"2000\" class=\"wpcf7-form-control wpcf7-textarea wpcf7-validates-as-required form-control\" aria-required=\"true\" aria-invalid=\"false\" placeholder=\"Message:\" name=\"your-message\"><\/textarea><\/span>\n<\/div>\n\n<div class=\"form-group mb-3\">\n    <span class=\"wpcf7-form-control-wrap\" data-name=\"your-via\"><span class=\"wpcf7-form-control wpcf7-radio\"><span class=\"wpcf7-list-item first\"><label><input type=\"radio\" name=\"your-via\" value=\"Ll\u00e1mame\" \/><span class=\"wpcf7-list-item-label\">Call me<\/span><\/label><\/span><span class=\"wpcf7-list-item last\"><label><input type=\"radio\" name=\"your-via\" value=\"Agendar reuni\u00f3n\" \/><span class=\"wpcf7-list-item-label\">Schedule a meeting<\/span><\/label><\/span><\/span><\/span>\n<\/div>\n\n<div class=\"form-group text-lg-end mb-0\">\n    <button type=\"submit\" class=\"btn btn-primary btn-modern btn-lg\">SEND<\/button>\n<\/div><div class=\"wpcf7-response-output\" aria-hidden=\"true\"><\/div>\n<input type=\"hidden\" name=\"trp-form-language\" value=\"en\"\/><\/form>\n<\/div>\n<\/div><\/div><\/div><div id=\"contacto-ubi-container\" class=\"vc_row wpb_row row top-row vc_custom_1760033435584 vc_row-has-fill wpb_custom_034b39d9bc6c6b310d69e39f0ccf274f\"><div class=\"vc_column_container col-md-12\"><div class=\"wpb_wrapper vc_column-inner\"><div class=\"vc_row wpb_row vc_inner row ubi-redes\"><div class=\"vc_column_container col-md-12\"><div class=\"wpb_wrapper vc_column-inner\">\r\n\t<div class=\"wpb_text_column wpb_content_element vc_custom_1759789625430 ubicacion-titulo1 wpb_custom_d53a91eddf5c0e923c6ce29c880ec7ca\" >\r\n\t\t<div class=\"wpb_wrapper\">\r\n\t\t\t<h3>Visit us<\/h3>\n\r\n\t\t<\/div>\r\n\t<\/div>\r\n<\/div><\/div><\/div><div class=\"wpb_gmaps_widget wpb_content_element vc_map_responsive vc_custom_1759769974678 ubi-map\"><div class=\"wpb_wrapper\"><div class=\"wpb_map_wraper\"><iframe loading=\"lazy\" src=\"https:\/\/maps.google.com\/maps?q=CITE%20Arequipa&#038;t=m&#038;z=15&#038;output=embed&#038;iwloc=near\" title=\"CITE Arequipa\" aria-label=\"CITE Arequipa\" ><\/iframe><\/div><\/div><\/div><div class=\"vc_btn3-container  ubi-btn vc_btn3-inline vc_custom_1760123878903 vc_do_btn\" >\r\n\t<a class=\"vc_general vc_btn3 vc_btn3-size-md vc_btn3-shape-default vc_btn3-style-classic wpb_custom_6687b26f39488ddbb85ddb3c1ce8e111 vc_btn3-color-grey btn\" href=\"https:\/\/www.google.com\/maps\/place\/CITE+Arequipa\/data=!4m2!3m1!1s0x0:0x97a635ae59326a13?sa=X&ved=1t:2428&ictx=111\" title=\"\" target=\"_blank\">Open in Google Maps<\/a>\t<\/div>\r\n<\/div><\/div><\/div><div id=\"contacto-info-container\" class=\"vc_row wpb_row row top-row vc_custom_1760033445426 vc_row-has-fill wpb_custom_034b39d9bc6c6b310d69e39f0ccf274f\"><div class=\"vc_column_container col-md-12\"><div class=\"wpb_wrapper vc_column-inner\"><div class=\"vc_row wpb_row vc_inner row listas\"><div class=\"servicios-lista-container vc_column_container col-md-12 vc_custom_1759647999285\"><div class=\"wpb_wrapper vc_column-inner\">\r\n\t<div class=\"wpb_text_column wpb_content_element vc_custom_1759650235562 servicios-titulo wpb_custom_7d5acee68b36de85279f482c0a7f4614\" >\r\n\t\t<div class=\"wpb_wrapper\">\r\n\t\t\t<h2 style=\"text-align: left;\">Contact information<\/h2>\n\r\n\t\t<\/div>\r\n\t<\/div>\r\n\n\t<div class=\"wpb_raw_code wpb_raw_html wpb_content_element vc_custom_1759649264877 list-content\" >\n\t\t<div class=\"wpb_wrapper\">\n\t\t\t<style>.porto-info-list50051140a4849fb63303b0645d9c0c55 i { color: #EFE1C7;font-size: 36px; }<\/style><ul class=\"porto-info-list  porto-info-list50051140a4849fb63303b0645d9c0c55 wpb_custom_815169ba175d9aa413b917c2fb0d55bc\">\n    <li class=\"porto-info-list-item  wpb_custom_eade0171093a7591372ccf9372738e3d\"><i class=\"porto-info-icon fas fa-phone\"><\/i><div class=\"porto-info-list-item-desc\">\n        Address: Pje. La Uni\u00f3n 214, Arequipa 04000\n    <\/div><\/li>\n    <li class=\"porto-info-list-item  wpb_custom_eade0171093a7591372ccf9372738e3d\"><i class=\"porto-info-icon fas fa-envelope\"><\/i><div class=\"porto-info-list-item-desc\">\n        Email: info@citearequipa.org\n    <\/div><\/li>\n    <li class=\"porto-info-list-item  wpb_custom_eade0171093a7591372ccf9372738e3d\"><i class=\"porto-info-icon fas fa-map-marker-alt\"><\/i><div class=\"porto-info-list-item-desc\">\n        Phones: +51 993 839 774 \/ 054 25 78 58\n    <\/div><\/li>\n<\/ul>\n\t\t<\/div>\n\t<\/div>\n<\/div><\/div><\/div><div class=\"vc_row wpb_row vc_inner row listas lista-btns\"><div class=\"servicios-lista-container vc_column_container col-md-12 vc_custom_1759647999285\"><div class=\"wpb_wrapper vc_column-inner\"><div class=\"vc_btn3-container  servicio-btn vc_btn3-inline vc_custom_1760713824927 vc_do_btn\" >\r\n\t<a class=\"vc_general vc_btn3 vc_btn3-size-md vc_btn3-shape-default vc_btn3-style-classic wpb_custom_6687b26f39488ddbb85ddb3c1ce8e111 vc_btn3-color-grey btn\" href=\"https:\/\/wa.link\/390n1j\" title=\"\" target=\"_blank\" rel=\"nofollow\">Call now<\/a>\t<\/div>\r\n<div class=\"vc_btn3-container  servicio-btn vc_btn3-inline vc_custom_1760123942913 vc_do_btn\" >\r\n\t<a class=\"vc_general vc_btn3 vc_btn3-size-md vc_btn3-shape-default vc_btn3-style-classic wpb_custom_6687b26f39488ddbb85ddb3c1ce8e111 vc_btn3-color-grey btn\" href=\"#contacto-formulario-container\" title=\"\">Send email<\/a>\t<\/div>\r\n<\/div><\/div><\/div><\/div><\/div><\/div><div id=\"contacto-redes-container\" class=\"vc_row wpb_row row top-row vc_custom_1759791402769 vc_row-has-fill wpb_custom_034b39d9bc6c6b310d69e39f0ccf274f\"><div class=\"vc_column_container col-md-12\"><div class=\"wpb_wrapper vc_column-inner\"><div class=\"vc_row wpb_row vc_inner row ubi-redes\"><div class=\"vc_column_container col-md-12\"><div class=\"wpb_wrapper vc_column-inner\">\r\n\t<div class=\"wpb_text_column wpb_content_element vc_custom_1759792448399 ubicacion-titulo1 wpb_custom_d53a91eddf5c0e923c6ce29c880ec7ca\" >\r\n\t\t<div class=\"wpb_wrapper\">\r\n\t\t\t<h4>Follow us to find out about new programs<\/h4>\n\r\n\t\t<\/div>\r\n\t<\/div>\r\n<div class=\"share-links wpb_custom_8b8c1eda9afab01600c953cf0c921428 ubi-logos\">\t\t<a target=\"_blank\"  rel=\"nofollow noopener noreferrer\" class=\"share-facebook\" href=\"https:\/\/www.facebook.com\/citearequipa\/?locale=es_LA\" aria-label=\"Facebook\" title=\"Facebook\"><\/a>\r\n\t\t\t\t<a target=\"_blank\"  rel=\"nofollow noopener noreferrer\" class=\"share-instagram\" href=\"https:\/\/www.instagram.com\/citearequipa\/?hl=es\" aria-label=\"Instagram\" title=\"Instagram\"><\/a>\r\n\t\t\t\t<a target=\"_blank\"  rel=\"nofollow noopener noreferrer\" class=\"share-linkedin\" href=\"https:\/\/pe.linkedin.com\/company\/cite-arequipa\" aria-label=\"LinkedIn\" title=\"LinkedIn\"><\/a>\r\n\t\t\t\t<a target=\"_blank\"  rel=\"nofollow noopener noreferrer\" class=\"share-tiktok\" href=\"https:\/\/www.tiktok.com\/@cite.arequipa\" aria-label=\"Tiktok\" title=\"Tiktok\"><\/a>\r\n\t\t<\/div><\/div><\/div><\/div><\/div><\/div><\/div>\n<\/div>","protected":false},"excerpt":{"rendered":"Cont\u00e1ctanos L\u00ednea ArtesanalL\u00ednea TextilL\u00ednea Joyer\u00edaOtras Artesan\u00edas Ll\u00e1mameAgendar reuni\u00f3n ENVIAR Vis\u00edtanos Abrir en Google Maps Informaci\u00f3n de contacto Direcci\u00f3n: Pje. La Uni\u00f3n 214, Arequipa 04000 Correo: info@citearequipa.org Tel\u00e9fonos: +51 993 839 774 \/ 054 25 78 58 Llamar ahora Enviar correo S\u00edguenos para enterarte de nuevos cursos","protected":false},"author":1,"featured_media":0,"parent":0,"menu_order":0,"comment_status":"closed","ping_status":"closed","template":"","meta":{"_acf_changed":false,"_joinchat":[],"footnotes":""},"class_list":["post-1684","page","type-page","status-publish","hentry"],"acf":[],"yoast_head":"<!-- This site is optimized with the Yoast SEO plugin v27.4 - https:\/\/yoast.com\/product\/yoast-seo-wordpress\/ -->\n<title>Contacto - Cite Arequipa<\/title>\n<meta name=\"description\" content=\"Comun\u00edcate con el CITE Arequipa. Solicita informaci\u00f3n sobre capacitaciones, servicios o proyectos artesanales. Estamos listos para ayudarte a crecer.\" \/>\n<meta name=\"robots\" content=\"index, follow, max-snippet:-1, max-image-preview:large, max-video-preview:-1\" \/>\n<link rel=\"canonical\" href=\"https:\/\/citearequipa.org\/en\/contacto\/\" \/>\n<meta property=\"og:locale\" content=\"en_US\" \/>\n<meta property=\"og:type\" content=\"article\" \/>\n<meta property=\"og:title\" content=\"Contacto - Cite Arequipa\" \/>\n<meta property=\"og:description\" content=\"Comun\u00edcate con el CITE Arequipa. Solicita informaci\u00f3n sobre capacitaciones, servicios o proyectos artesanales. Estamos listos para ayudarte a crecer.\" \/>\n<meta property=\"og:url\" content=\"https:\/\/citearequipa.org\/en\/contacto\/\" \/>\n<meta property=\"og:site_name\" content=\"Cite Arequipa\" \/>\n<meta property=\"article:publisher\" content=\"https:\/\/www.facebook.com\/citearequipa\/?locale=es_LA\" \/>\n<meta property=\"article:modified_time\" content=\"2025-11-26T16:36:44+00:00\" \/>\n<meta name=\"twitter:card\" content=\"summary_large_image\" \/>\n<meta name=\"twitter:label1\" content=\"Est. reading time\" \/>\n\t<meta name=\"twitter:data1\" content=\"1 minute\" \/>\n<script type=\"application\/ld+json\" class=\"yoast-schema-graph\">{\"@context\":\"https:\\\/\\\/schema.org\",\"@graph\":[{\"@type\":\"WebPage\",\"@id\":\"https:\\\/\\\/citearequipa.org\\\/contacto\\\/\",\"url\":\"https:\\\/\\\/citearequipa.org\\\/contacto\\\/\",\"name\":\"Contacto - Cite Arequipa\",\"isPartOf\":{\"@id\":\"https:\\\/\\\/citearequipa.org\\\/#website\"},\"datePublished\":\"2025-10-05T06:40:31+00:00\",\"dateModified\":\"2025-11-26T16:36:44+00:00\",\"description\":\"Comun\u00edcate con el CITE Arequipa. Solicita informaci\u00f3n sobre capacitaciones, servicios o proyectos artesanales. Estamos listos para ayudarte a crecer.\",\"breadcrumb\":{\"@id\":\"https:\\\/\\\/citearequipa.org\\\/contacto\\\/#breadcrumb\"},\"inLanguage\":\"en-US\",\"potentialAction\":[{\"@type\":\"ReadAction\",\"target\":[\"https:\\\/\\\/citearequipa.org\\\/contacto\\\/\"]}]},{\"@type\":\"BreadcrumbList\",\"@id\":\"https:\\\/\\\/citearequipa.org\\\/contacto\\\/#breadcrumb\",\"itemListElement\":[{\"@type\":\"ListItem\",\"position\":1,\"name\":\"Portada\",\"item\":\"https:\\\/\\\/citearequipa.org\\\/\"},{\"@type\":\"ListItem\",\"position\":2,\"name\":\"Contacto\"}]},{\"@type\":\"WebSite\",\"@id\":\"https:\\\/\\\/citearequipa.org\\\/#website\",\"url\":\"https:\\\/\\\/citearequipa.org\\\/\",\"name\":\"Cite Arequipa\",\"description\":\"El CITE AREQUIPA es una instituci\u00f3n sin fines de lucro que busca fortalecer los sectores Textil y Joyero artesanal en la regi\u00f3n Arequipa.\",\"publisher\":{\"@id\":\"https:\\\/\\\/citearequipa.org\\\/#organization\"},\"potentialAction\":[{\"@type\":\"SearchAction\",\"target\":{\"@type\":\"EntryPoint\",\"urlTemplate\":\"https:\\\/\\\/citearequipa.org\\\/?s={search_term_string}\"},\"query-input\":{\"@type\":\"PropertyValueSpecification\",\"valueRequired\":true,\"valueName\":\"search_term_string\"}}],\"inLanguage\":\"en-US\"},{\"@type\":\"Organization\",\"@id\":\"https:\\\/\\\/citearequipa.org\\\/#organization\",\"name\":\"Cite Arequipa\",\"url\":\"https:\\\/\\\/citearequipa.org\\\/\",\"logo\":{\"@type\":\"ImageObject\",\"inLanguage\":\"en-US\",\"@id\":\"https:\\\/\\\/citearequipa.org\\\/#\\\/schema\\\/logo\\\/image\\\/\",\"url\":\"https:\\\/\\\/citearequipa.org\\\/wp-content\\\/uploads\\\/2025\\\/09\\\/logo-cite-header.png\",\"contentUrl\":\"https:\\\/\\\/citearequipa.org\\\/wp-content\\\/uploads\\\/2025\\\/09\\\/logo-cite-header.png\",\"width\":650,\"height\":500,\"caption\":\"Cite Arequipa\"},\"image\":{\"@id\":\"https:\\\/\\\/citearequipa.org\\\/#\\\/schema\\\/logo\\\/image\\\/\"},\"sameAs\":[\"https:\\\/\\\/www.facebook.com\\\/citearequipa\\\/?locale=es_LA\",\"https:\\\/\\\/www.instagram.com\\\/citearequipa\\\/?hl=es\",\"https:\\\/\\\/pe.linkedin.com\\\/company\\\/cite-arequipa\",\"https:\\\/\\\/www.tiktok.com\\\/@cite.arequipa\"]}]}<\/script>\n<!-- \/ Yoast SEO plugin. -->","yoast_head_json":{"title":"Contacto - Cite Arequipa","description":"Comun\u00edcate con el CITE Arequipa. Solicita informaci\u00f3n sobre capacitaciones, servicios o proyectos artesanales. Estamos listos para ayudarte a crecer.","robots":{"index":"index","follow":"follow","max-snippet":"max-snippet:-1","max-image-preview":"max-image-preview:large","max-video-preview":"max-video-preview:-1"},"canonical":"https:\/\/citearequipa.org\/en\/contacto\/","og_locale":"en_US","og_type":"article","og_title":"Contacto - Cite Arequipa","og_description":"Comun\u00edcate con el CITE Arequipa. Solicita informaci\u00f3n sobre capacitaciones, servicios o proyectos artesanales. Estamos listos para ayudarte a crecer.","og_url":"https:\/\/citearequipa.org\/en\/contacto\/","og_site_name":"Cite Arequipa","article_publisher":"https:\/\/www.facebook.com\/citearequipa\/?locale=es_LA","article_modified_time":"2025-11-26T16:36:44+00:00","twitter_card":"summary_large_image","twitter_misc":{"Est. reading time":"1 minute"},"schema":{"@context":"https:\/\/schema.org","@graph":[{"@type":"WebPage","@id":"https:\/\/citearequipa.org\/contacto\/","url":"https:\/\/citearequipa.org\/contacto\/","name":"Contacto - Cite Arequipa","isPartOf":{"@id":"https:\/\/citearequipa.org\/#website"},"datePublished":"2025-10-05T06:40:31+00:00","dateModified":"2025-11-26T16:36:44+00:00","description":"Comun\u00edcate con el CITE Arequipa. Solicita informaci\u00f3n sobre capacitaciones, servicios o proyectos artesanales. Estamos listos para ayudarte a crecer.","breadcrumb":{"@id":"https:\/\/citearequipa.org\/contacto\/#breadcrumb"},"inLanguage":"en-US","potentialAction":[{"@type":"ReadAction","target":["https:\/\/citearequipa.org\/contacto\/"]}]},{"@type":"BreadcrumbList","@id":"https:\/\/citearequipa.org\/contacto\/#breadcrumb","itemListElement":[{"@type":"ListItem","position":1,"name":"Portada","item":"https:\/\/citearequipa.org\/"},{"@type":"ListItem","position":2,"name":"Contacto"}]},{"@type":"WebSite","@id":"https:\/\/citearequipa.org\/#website","url":"https:\/\/citearequipa.org\/","name":"Cite Arequipa","description":"El CITE AREQUIPA es una instituci\u00f3n sin fines de lucro que busca fortalecer los sectores Textil y Joyero artesanal en la regi\u00f3n Arequipa.","publisher":{"@id":"https:\/\/citearequipa.org\/#organization"},"potentialAction":[{"@type":"SearchAction","target":{"@type":"EntryPoint","urlTemplate":"https:\/\/citearequipa.org\/?s={search_term_string}"},"query-input":{"@type":"PropertyValueSpecification","valueRequired":true,"valueName":"search_term_string"}}],"inLanguage":"en-US"},{"@type":"Organization","@id":"https:\/\/citearequipa.org\/#organization","name":"Cite Arequipa","url":"https:\/\/citearequipa.org\/","logo":{"@type":"ImageObject","inLanguage":"en-US","@id":"https:\/\/citearequipa.org\/#\/schema\/logo\/image\/","url":"https:\/\/citearequipa.org\/wp-content\/uploads\/2025\/09\/logo-cite-header.png","contentUrl":"https:\/\/citearequipa.org\/wp-content\/uploads\/2025\/09\/logo-cite-header.png","width":650,"height":500,"caption":"Cite Arequipa"},"image":{"@id":"https:\/\/citearequipa.org\/#\/schema\/logo\/image\/"},"sameAs":["https:\/\/www.facebook.com\/citearequipa\/?locale=es_LA","https:\/\/www.instagram.com\/citearequipa\/?hl=es","https:\/\/pe.linkedin.com\/company\/cite-arequipa","https:\/\/www.tiktok.com\/@cite.arequipa"]}]}},"_links":{"self":[{"href":"https:\/\/citearequipa.org\/en\/wp-json\/wp\/v2\/pages\/1684","targetHints":{"allow":["GET"]}}],"collection":[{"href":"https:\/\/citearequipa.org\/en\/wp-json\/wp\/v2\/pages"}],"about":[{"href":"https:\/\/citearequipa.org\/en\/wp-json\/wp\/v2\/types\/page"}],"author":[{"embeddable":true,"href":"https:\/\/citearequipa.org\/en\/wp-json\/wp\/v2\/users\/1"}],"replies":[{"embeddable":true,"href":"https:\/\/citearequipa.org\/en\/wp-json\/wp\/v2\/comments?post=1684"}],"version-history":[{"count":62,"href":"https:\/\/citearequipa.org\/en\/wp-json\/wp\/v2\/pages\/1684\/revisions"}],"predecessor-version":[{"id":2814,"href":"https:\/\/citearequipa.org\/en\/wp-json\/wp\/v2\/pages\/1684\/revisions\/2814"}],"wp:attachment":[{"href":"https:\/\/citearequipa.org\/en\/wp-json\/wp\/v2\/media?parent=1684"}],"curies":[{"name":"wp","href":"https:\/\/api.w.org\/{rel}","templated":true}]}}