{"id":2757,"date":"2025-11-24T13:26:03","date_gmt":"2025-11-24T13:26:03","guid":{"rendered":"https:\/\/citearequipa.org\/?page_id=2757"},"modified":"2026-02-16T14:00:26","modified_gmt":"2026-02-16T14:00:26","slug":"directorio-artesanal","status":"publish","type":"page","link":"https:\/\/citearequipa.org\/en\/directorio-artesanal\/","title":{"rendered":"Artisan Directory"},"content":{"rendered":"<div class=\"wpb-content-wrapper\"><div id=\"directorio-hero-container\" data-vc-full-width=\"true\" data-vc-full-width-temp=\"true\" data-vc-full-width-init=\"false\" data-vc-stretch-content=\"true\" class=\"vc_row wpb_row row top-row vc_row-no-padding wpb_custom_034b39d9bc6c6b310d69e39f0ccf274f\"><div class=\"hero-column vc_column_container col-md-12 vc_custom_1759210268492\"><div class=\"wpb_wrapper vc_column-inner\">\r\n\t<div class=\"wpb_single_image wpb_content_element vc_align_left wpb_content_element   hero-img wpb_custom_81a4f7ef9830bf958462581aa01150fb\"><div class=\"wpb_wrapper\">\r\n\t\t\t\r\n\t\t\t<div class=\"vc_single_image-wrapper   vc_box_border_grey\"><img loading=\"lazy\" decoding=\"async\" width=\"1970\" height=\"1000\" src=\"https:\/\/citearequipa.org\/wp-content\/uploads\/2025\/09\/directorio-hero.jpg\" class=\"vc_single_image-img attachment-full\" alt=\"\u00c1rea Directorio Artesanal\" title=\"directorio-hero\" srcset=\"https:\/\/citearequipa.org\/wp-content\/uploads\/2025\/09\/directorio-hero.jpg 1970w, https:\/\/citearequipa.org\/wp-content\/uploads\/2025\/09\/directorio-hero-1024x520.jpg 1024w, https:\/\/citearequipa.org\/wp-content\/uploads\/2025\/09\/directorio-hero-768x390.jpg 768w, https:\/\/citearequipa.org\/wp-content\/uploads\/2025\/09\/directorio-hero-1536x780.jpg 1536w, https:\/\/citearequipa.org\/wp-content\/uploads\/2025\/09\/directorio-hero-640x325.jpg 640w, https:\/\/citearequipa.org\/wp-content\/uploads\/2025\/09\/directorio-hero-400x203.jpg 400w, https:\/\/citearequipa.org\/wp-content\/uploads\/2025\/09\/directorio-hero-367x186.jpg 367w\" sizes=\"auto, (max-width: 1970px) 100vw, 1970px\" \/><\/div>\r\n\t\t<\/div>\r\n\t<\/div>\r\n\n\t<div class=\"wpb_raw_code wpb_raw_html wpb_content_element vc_custom_1771250419022\" >\n\t\t<div class=\"wpb_wrapper\">\n\t\t\t<div class=\"directorio-hero-contenido\">\n    <h1 class=\"directorio-hero-title\">Artisan Directory<\/h1>    \n    <p class=\"directorio-hero-parrafo\">Meet the artisans who keep the traditions of the Arequipa Region alive.<\/p>\n    <a href=\"https:\/\/citearequipa.org\/en\/contacto\/\"><button class=\"btn-mas\">Contact us<\/button><\/a>\n<\/div>\n\t\t<\/div>\n\t<\/div>\n<\/div><\/div><\/div><div class=\"vc_row-full-width vc_clearfix\"><\/div><div id=\"directorio-titulo\" class=\"vc_row wpb_row row top-row vc_custom_1759979409692 vc_row-has-fill wpb_custom_034b39d9bc6c6b310d69e39f0ccf274f\"><div class=\"vc_column_container col-md-12\"><div class=\"wpb_wrapper vc_column-inner\">\r\n\t<div class=\"wpb_text_column wpb_content_element vc_custom_1759985907660 wpb_custom_7d5acee68b36de85279f482c0a7f4614\" >\r\n\t\t<div class=\"wpb_wrapper\">\r\n\t\t\t<h2 style=\"text-align: center;\">Our Artisans<\/h2>\n\r\n\t\t<\/div>\r\n\t<\/div>\r\n<\/div><\/div><\/div><div id=\"directorio-grid-container\" class=\"vc_row wpb_row row top-row vc_custom_1759979809910 vc_row-has-fill wpb_custom_034b39d9bc6c6b310d69e39f0ccf274f\"><div class=\"vc_column_container col-md-12\"><div class=\"wpb_wrapper vc_column-inner\">\r\n\t<div class=\"wpb_text_column wpb_content_element vc_custom_1764175759488 filtro-etiqueta wpb_custom_b49adf4c110ea5a4a0009f0f430d83d2\" >\r\n\t\t<div class=\"wpb_wrapper\">\r\n\t\t\t<p>Filtrar por inicial de nombre<\/p>\n\r\n\t\t<\/div>\r\n\t<\/div>\r\n\r\n\t<div class=\"wpb_text_column wpb_content_element wpb_custom_7c91d232724f73626cc933bd95b25ff0\" id=\"filtro-alfabetico\">\r\n\t\t<div class=\"wpb_wrapper\">\r\n\t\t\t<div class=\"artesanos-indice-alfabetico\"><a class=\"indice-letra active\" href=\"\/en\/wp-json\/wp\/v2\/pages\/2757#directorio-grid-container\">Todos<\/a><a class=\"indice-letra\" href=\"\/en\/wp-json\/wp\/v2\/pages\/2757?letra=A#directorio-grid-container\">A<\/a><a class=\"indice-letra\" href=\"\/en\/wp-json\/wp\/v2\/pages\/2757?letra=B#directorio-grid-container\">B<\/a><a class=\"indice-letra\" href=\"\/en\/wp-json\/wp\/v2\/pages\/2757?letra=C#directorio-grid-container\">C<\/a><a class=\"indice-letra\" href=\"\/en\/wp-json\/wp\/v2\/pages\/2757?letra=D#directorio-grid-container\">D<\/a><a class=\"indice-letra\" href=\"\/en\/wp-json\/wp\/v2\/pages\/2757?letra=E#directorio-grid-container\">E<\/a><a class=\"indice-letra\" href=\"\/en\/wp-json\/wp\/v2\/pages\/2757?letra=F#directorio-grid-container\">F<\/a><a class=\"indice-letra\" href=\"\/en\/wp-json\/wp\/v2\/pages\/2757?letra=G#directorio-grid-container\">G<\/a><a class=\"indice-letra\" href=\"\/en\/wp-json\/wp\/v2\/pages\/2757?letra=H#directorio-grid-container\">H<\/a><a class=\"indice-letra\" href=\"\/en\/wp-json\/wp\/v2\/pages\/2757?letra=I#directorio-grid-container\">I<\/a><a class=\"indice-letra\" href=\"\/en\/wp-json\/wp\/v2\/pages\/2757?letra=J#directorio-grid-container\">J<\/a><a class=\"indice-letra\" href=\"\/en\/wp-json\/wp\/v2\/pages\/2757?letra=K#directorio-grid-container\">K<\/a><a class=\"indice-letra\" href=\"\/en\/wp-json\/wp\/v2\/pages\/2757?letra=L#directorio-grid-container\">L<\/a><a class=\"indice-letra\" href=\"\/en\/wp-json\/wp\/v2\/pages\/2757?letra=M#directorio-grid-container\">M<\/a><a class=\"indice-letra\" href=\"\/en\/wp-json\/wp\/v2\/pages\/2757?letra=N#directorio-grid-container\">N<\/a><a class=\"indice-letra\" href=\"\/en\/wp-json\/wp\/v2\/pages\/2757?letra=O#directorio-grid-container\">O<\/a><a class=\"indice-letra\" href=\"\/en\/wp-json\/wp\/v2\/pages\/2757?letra=P#directorio-grid-container\">P<\/a><a class=\"indice-letra\" href=\"\/en\/wp-json\/wp\/v2\/pages\/2757?letra=Q#directorio-grid-container\">Q<\/a><a class=\"indice-letra\" href=\"\/en\/wp-json\/wp\/v2\/pages\/2757?letra=R#directorio-grid-container\">R<\/a><a class=\"indice-letra\" href=\"\/en\/wp-json\/wp\/v2\/pages\/2757?letra=S#directorio-grid-container\">S<\/a><a class=\"indice-letra\" href=\"\/en\/wp-json\/wp\/v2\/pages\/2757?letra=T#directorio-grid-container\">T<\/a><a class=\"indice-letra\" href=\"\/en\/wp-json\/wp\/v2\/pages\/2757?letra=U#directorio-grid-container\">U<\/a><a class=\"indice-letra\" href=\"\/en\/wp-json\/wp\/v2\/pages\/2757?letra=V#directorio-grid-container\">V<\/a><a class=\"indice-letra\" href=\"\/en\/wp-json\/wp\/v2\/pages\/2757?letra=W#directorio-grid-container\">W<\/a><a class=\"indice-letra\" href=\"\/en\/wp-json\/wp\/v2\/pages\/2757?letra=X#directorio-grid-container\">X<\/a><a class=\"indice-letra\" href=\"\/en\/wp-json\/wp\/v2\/pages\/2757?letra=Y#directorio-grid-container\">Y<\/a><a class=\"indice-letra\" href=\"\/en\/wp-json\/wp\/v2\/pages\/2757?letra=Z#directorio-grid-container\">Z<\/a><\/div>\n\r\n\t\t<\/div>\r\n\t<\/div>\r\n\r\n\t<div class=\"wpb_text_column wpb_content_element vc_custom_1764178977476 filtro-etiqueta etiqueta-categoria wpb_custom_b49adf4c110ea5a4a0009f0f430d83d2\" >\r\n\t\t<div class=\"wpb_wrapper\">\r\n\t\t\t<p>Filtrar por categor\u00eda<\/p>\n\r\n\t\t<\/div>\r\n\t<\/div>\r\n<\/div><\/div><\/div><div id=\"directorio-banner\" class=\"vc_row wpb_row row top-row vc_custom_1759987153339 vc_row-has-fill wpb_custom_034b39d9bc6c6b310d69e39f0ccf274f\"><div class=\"vc_column_container col-md-12\"><div class=\"wpb_wrapper vc_column-inner\">\r\n\t<div class=\"wpb_text_column wpb_content_element vc_custom_1759987140425 banner-titulo wpb_custom_2de644a22d04d1d4f91ec0bed521ccc6\" >\r\n\t\t<div class=\"wpb_wrapper\">\r\n\t\t\t<h2 style=\"text-align: center;\">Would you like to be part of the Artisan Directory?<\/h2>\n\r\n\t\t<\/div>\r\n\t<\/div>\r\n\r\n\t<div class=\"wpb_text_column wpb_content_element vc_custom_1759987556799 banner-parrafo wpb_custom_84b24b3315414a958ad8b8a025d2c455\" >\r\n\t\t<div class=\"wpb_wrapper\">\r\n\t\t\t<p style=\"text-align: center;\">Join our network of artisans.<\/p>\n\r\n\t\t<\/div>\r\n\t<\/div>\r\n<div class=\"vc_btn3-container  banner-btn vc_btn3-inline vc_do_btn\" >\r\n\t<a class=\"vc_general vc_btn3 vc_btn3-size-md vc_btn3-shape-default vc_btn3-style-classic wpb_custom_6687b26f39488ddbb85ddb3c1ce8e111 vc_btn3-color-grey btn\" href=\"https:\/\/wa.link\/390n1j\" title=\"\" target=\"_blank\" rel=\"nofollow\">Chat via WhatsApp<\/a>\t<\/div>\r\n<\/div><\/div><\/div>\n<\/div>","protected":false},"excerpt":{"rendered":"Directorio Artesanal Conoce a los artesanos que mantienen viva la tradici\u00f3n de la Regi\u00f3n Arequipa. Cont\u00e1ctanos Nuestros artesanos Filtrar por inicial de nombre TodosABCDEFGHIJKLMNOPQRSTUVWXYZ Filtrar por categor\u00eda \u00bfQuieres ser parte del directorio de artesanos? \u00danete al directorio de artesanos. Hablar por WhatsApp","protected":false},"author":1,"featured_media":0,"parent":0,"menu_order":0,"comment_status":"closed","ping_status":"closed","template":"","meta":{"_acf_changed":false,"_joinchat":[],"footnotes":""},"class_list":["post-2757","page","type-page","status-publish","hentry"],"acf":[],"yoast_head":"<!-- This site is optimized with the Yoast SEO plugin v27.4 - https:\/\/yoast.com\/product\/yoast-seo-wordpress\/ -->\n<title>Directorio Artesanal - Cite Arequipa<\/title>\n<meta name=\"description\" content=\"Conoce a los artesanos de Arequipa que mantienen viva la tradici\u00f3n textil y joyera. Insp\u00edrate con sus historias y descubre su talento en el directorio artesanal del CITE.\" \/>\n<meta name=\"robots\" content=\"index, follow, max-snippet:-1, max-image-preview:large, max-video-preview:-1\" \/>\n<link rel=\"canonical\" href=\"https:\/\/citearequipa.org\/en\/directorio-artesanal\/\" \/>\n<meta property=\"og:locale\" content=\"en_US\" \/>\n<meta property=\"og:type\" content=\"article\" \/>\n<meta property=\"og:title\" content=\"Directorio Artesanal - Cite Arequipa\" \/>\n<meta property=\"og:description\" content=\"Conoce a los artesanos de Arequipa que mantienen viva la tradici\u00f3n textil y joyera. Insp\u00edrate con sus historias y descubre su talento en el directorio artesanal del CITE.\" \/>\n<meta property=\"og:url\" content=\"https:\/\/citearequipa.org\/en\/directorio-artesanal\/\" \/>\n<meta property=\"og:site_name\" content=\"Cite Arequipa\" \/>\n<meta property=\"article:publisher\" content=\"https:\/\/www.facebook.com\/citearequipa\/?locale=es_LA\" \/>\n<meta property=\"article:modified_time\" content=\"2026-02-16T14:00:26+00:00\" \/>\n<meta name=\"twitter:card\" content=\"summary_large_image\" \/>\n<meta name=\"twitter:label1\" content=\"Est. reading time\" \/>\n\t<meta name=\"twitter:data1\" content=\"1 minute\" \/>\n<script type=\"application\/ld+json\" class=\"yoast-schema-graph\">{\"@context\":\"https:\\\/\\\/schema.org\",\"@graph\":[{\"@type\":\"WebPage\",\"@id\":\"https:\\\/\\\/citearequipa.org\\\/directorio-artesanal\\\/\",\"url\":\"https:\\\/\\\/citearequipa.org\\\/directorio-artesanal\\\/\",\"name\":\"Directorio Artesanal - Cite Arequipa\",\"isPartOf\":{\"@id\":\"https:\\\/\\\/citearequipa.org\\\/#website\"},\"datePublished\":\"2025-11-24T13:26:03+00:00\",\"dateModified\":\"2026-02-16T14:00:26+00:00\",\"description\":\"Conoce a los artesanos de Arequipa que mantienen viva la tradici\u00f3n textil y joyera. Insp\u00edrate con sus historias y descubre su talento en el directorio artesanal del CITE.\",\"breadcrumb\":{\"@id\":\"https:\\\/\\\/citearequipa.org\\\/directorio-artesanal\\\/#breadcrumb\"},\"inLanguage\":\"en-US\",\"potentialAction\":[{\"@type\":\"ReadAction\",\"target\":[\"https:\\\/\\\/citearequipa.org\\\/directorio-artesanal\\\/\"]}]},{\"@type\":\"BreadcrumbList\",\"@id\":\"https:\\\/\\\/citearequipa.org\\\/directorio-artesanal\\\/#breadcrumb\",\"itemListElement\":[{\"@type\":\"ListItem\",\"position\":1,\"name\":\"Portada\",\"item\":\"https:\\\/\\\/citearequipa.org\\\/\"},{\"@type\":\"ListItem\",\"position\":2,\"name\":\"Directorio Artesanal\"}]},{\"@type\":\"WebSite\",\"@id\":\"https:\\\/\\\/citearequipa.org\\\/#website\",\"url\":\"https:\\\/\\\/citearequipa.org\\\/\",\"name\":\"Cite Arequipa\",\"description\":\"El CITE AREQUIPA es una instituci\u00f3n sin fines de lucro que busca fortalecer los sectores Textil y Joyero artesanal en la regi\u00f3n Arequipa.\",\"publisher\":{\"@id\":\"https:\\\/\\\/citearequipa.org\\\/#organization\"},\"potentialAction\":[{\"@type\":\"SearchAction\",\"target\":{\"@type\":\"EntryPoint\",\"urlTemplate\":\"https:\\\/\\\/citearequipa.org\\\/?s={search_term_string}\"},\"query-input\":{\"@type\":\"PropertyValueSpecification\",\"valueRequired\":true,\"valueName\":\"search_term_string\"}}],\"inLanguage\":\"en-US\"},{\"@type\":\"Organization\",\"@id\":\"https:\\\/\\\/citearequipa.org\\\/#organization\",\"name\":\"Cite Arequipa\",\"url\":\"https:\\\/\\\/citearequipa.org\\\/\",\"logo\":{\"@type\":\"ImageObject\",\"inLanguage\":\"en-US\",\"@id\":\"https:\\\/\\\/citearequipa.org\\\/#\\\/schema\\\/logo\\\/image\\\/\",\"url\":\"https:\\\/\\\/citearequipa.org\\\/wp-content\\\/uploads\\\/2025\\\/09\\\/logo-cite-header.png\",\"contentUrl\":\"https:\\\/\\\/citearequipa.org\\\/wp-content\\\/uploads\\\/2025\\\/09\\\/logo-cite-header.png\",\"width\":650,\"height\":500,\"caption\":\"Cite Arequipa\"},\"image\":{\"@id\":\"https:\\\/\\\/citearequipa.org\\\/#\\\/schema\\\/logo\\\/image\\\/\"},\"sameAs\":[\"https:\\\/\\\/www.facebook.com\\\/citearequipa\\\/?locale=es_LA\",\"https:\\\/\\\/www.instagram.com\\\/citearequipa\\\/?hl=es\",\"https:\\\/\\\/pe.linkedin.com\\\/company\\\/cite-arequipa\",\"https:\\\/\\\/www.tiktok.com\\\/@cite.arequipa\"]}]}<\/script>\n<!-- \/ Yoast SEO plugin. -->","yoast_head_json":{"title":"Directorio Artesanal - Cite Arequipa","description":"Conoce a los artesanos de Arequipa que mantienen viva la tradici\u00f3n textil y joyera. Insp\u00edrate con sus historias y descubre su talento en el directorio artesanal del CITE.","robots":{"index":"index","follow":"follow","max-snippet":"max-snippet:-1","max-image-preview":"max-image-preview:large","max-video-preview":"max-video-preview:-1"},"canonical":"https:\/\/citearequipa.org\/en\/directorio-artesanal\/","og_locale":"en_US","og_type":"article","og_title":"Directorio Artesanal - Cite Arequipa","og_description":"Conoce a los artesanos de Arequipa que mantienen viva la tradici\u00f3n textil y joyera. Insp\u00edrate con sus historias y descubre su talento en el directorio artesanal del CITE.","og_url":"https:\/\/citearequipa.org\/en\/directorio-artesanal\/","og_site_name":"Cite Arequipa","article_publisher":"https:\/\/www.facebook.com\/citearequipa\/?locale=es_LA","article_modified_time":"2026-02-16T14:00:26+00:00","twitter_card":"summary_large_image","twitter_misc":{"Est. reading time":"1 minute"},"schema":{"@context":"https:\/\/schema.org","@graph":[{"@type":"WebPage","@id":"https:\/\/citearequipa.org\/directorio-artesanal\/","url":"https:\/\/citearequipa.org\/directorio-artesanal\/","name":"Directorio Artesanal - Cite Arequipa","isPartOf":{"@id":"https:\/\/citearequipa.org\/#website"},"datePublished":"2025-11-24T13:26:03+00:00","dateModified":"2026-02-16T14:00:26+00:00","description":"Conoce a los artesanos de Arequipa que mantienen viva la tradici\u00f3n textil y joyera. Insp\u00edrate con sus historias y descubre su talento en el directorio artesanal del CITE.","breadcrumb":{"@id":"https:\/\/citearequipa.org\/directorio-artesanal\/#breadcrumb"},"inLanguage":"en-US","potentialAction":[{"@type":"ReadAction","target":["https:\/\/citearequipa.org\/directorio-artesanal\/"]}]},{"@type":"BreadcrumbList","@id":"https:\/\/citearequipa.org\/directorio-artesanal\/#breadcrumb","itemListElement":[{"@type":"ListItem","position":1,"name":"Portada","item":"https:\/\/citearequipa.org\/"},{"@type":"ListItem","position":2,"name":"Directorio Artesanal"}]},{"@type":"WebSite","@id":"https:\/\/citearequipa.org\/#website","url":"https:\/\/citearequipa.org\/","name":"Cite Arequipa","description":"El CITE AREQUIPA es una instituci\u00f3n sin fines de lucro que busca fortalecer los sectores Textil y Joyero artesanal en la regi\u00f3n Arequipa.","publisher":{"@id":"https:\/\/citearequipa.org\/#organization"},"potentialAction":[{"@type":"SearchAction","target":{"@type":"EntryPoint","urlTemplate":"https:\/\/citearequipa.org\/?s={search_term_string}"},"query-input":{"@type":"PropertyValueSpecification","valueRequired":true,"valueName":"search_term_string"}}],"inLanguage":"en-US"},{"@type":"Organization","@id":"https:\/\/citearequipa.org\/#organization","name":"Cite Arequipa","url":"https:\/\/citearequipa.org\/","logo":{"@type":"ImageObject","inLanguage":"en-US","@id":"https:\/\/citearequipa.org\/#\/schema\/logo\/image\/","url":"https:\/\/citearequipa.org\/wp-content\/uploads\/2025\/09\/logo-cite-header.png","contentUrl":"https:\/\/citearequipa.org\/wp-content\/uploads\/2025\/09\/logo-cite-header.png","width":650,"height":500,"caption":"Cite Arequipa"},"image":{"@id":"https:\/\/citearequipa.org\/#\/schema\/logo\/image\/"},"sameAs":["https:\/\/www.facebook.com\/citearequipa\/?locale=es_LA","https:\/\/www.instagram.com\/citearequipa\/?hl=es","https:\/\/pe.linkedin.com\/company\/cite-arequipa","https:\/\/www.tiktok.com\/@cite.arequipa"]}]}},"_links":{"self":[{"href":"https:\/\/citearequipa.org\/en\/wp-json\/wp\/v2\/pages\/2757","targetHints":{"allow":["GET"]}}],"collection":[{"href":"https:\/\/citearequipa.org\/en\/wp-json\/wp\/v2\/pages"}],"about":[{"href":"https:\/\/citearequipa.org\/en\/wp-json\/wp\/v2\/types\/page"}],"author":[{"embeddable":true,"href":"https:\/\/citearequipa.org\/en\/wp-json\/wp\/v2\/users\/1"}],"replies":[{"embeddable":true,"href":"https:\/\/citearequipa.org\/en\/wp-json\/wp\/v2\/comments?post=2757"}],"version-history":[{"count":45,"href":"https:\/\/citearequipa.org\/en\/wp-json\/wp\/v2\/pages\/2757\/revisions"}],"predecessor-version":[{"id":2850,"href":"https:\/\/citearequipa.org\/en\/wp-json\/wp\/v2\/pages\/2757\/revisions\/2850"}],"wp:attachment":[{"href":"https:\/\/citearequipa.org\/en\/wp-json\/wp\/v2\/media?parent=2757"}],"curies":[{"name":"wp","href":"https:\/\/api.w.org\/{rel}","templated":true}]}}